{"id":26,"date":"2014-08-31T01:44:44","date_gmt":"2014-08-31T01:44:44","guid":{"rendered":"http:\/\/adnet.cl\/sitio2014\/?page_id=26"},"modified":"2014-09-12T18:58:56","modified_gmt":"2014-09-12T18:58:56","slug":"experiencia-y-liderazgo","status":"publish","type":"page","link":"http:\/\/adnet.cl\/wcm\/experiencia-y-liderazgo\/","title":{"rendered":"Experiencia y liderazgo"},"content":{"rendered":"<p><img loading=\"lazy\" decoding=\"async\" class=\"alignnone wp-image-304 size-full\" src=\"http:\/\/adnet.cl\/sitio2014\/wp-content\/uploads\/2014\/08\/experience.jpg\" alt=\"\" width=\"980\" height=\"200\" srcset=\"http:\/\/adnet.cl\/wcm\/wp-content\/uploads\/2014\/08\/experience.jpg 980w, http:\/\/adnet.cl\/wcm\/wp-content\/uploads\/2014\/08\/experience-300x61.jpg 300w, http:\/\/adnet.cl\/wcm\/wp-content\/uploads\/2014\/08\/experience-150x30.jpg 150w\" sizes=\"(max-width: 980px) 100vw, 980px\" \/><br \/>\nUn experto es un hombre que ha dejado de pensar: sabe. En ADNET nos hemos ocupado de asegurar que nuestros consultores no s\u00f3lo tienen la experiencia y la orientaci\u00f3n al logro de lo acordado con nuestros clientes, tambi\u00e9n nos hemos preocupado de incorporar y velar porque cada uno de nuestros colaboradores aportan en transparencia, rigurosidad y creatividad con foco en la eficiencia y rentabilidad.<\/p>\n<p>Desde sus inicios en ADNET hemos logrado influir positivamente a nuestros clientes en la adopci\u00f3n de tecnolog\u00edas, su integraci\u00f3n, su visi\u00f3n de conjunto, y tambi\u00e9n en las mejores pr\u00e1cticas y formas de resolver sus necesidades con el objetivo de lograr mayor eficiencia en su negocio.<\/p>\n","protected":false},"excerpt":{"rendered":"<p>Un experto es un hombre que ha dejado de pensar: sabe. En ADNET nos hemos ocupado de asegurar que nuestros consultores no s\u00f3lo tienen la experiencia y la orientaci\u00f3n al logro de lo acordado con nuestros clientes, tambi\u00e9n nos hemos preocupado de incorporar y velar porque cada uno de nuestros colaboradores aportan en transparencia, rigurosidad&#8230;<\/p>\n","protected":false},"author":1,"featured_media":0,"parent":0,"menu_order":0,"comment_status":"closed","ping_status":"closed","template":"","meta":{"footnotes":""},"_links":{"self":[{"href":"http:\/\/adnet.cl\/wcm\/wp-json\/wp\/v2\/pages\/26"}],"collection":[{"href":"http:\/\/adnet.cl\/wcm\/wp-json\/wp\/v2\/pages"}],"about":[{"href":"http:\/\/adnet.cl\/wcm\/wp-json\/wp\/v2\/types\/page"}],"author":[{"embeddable":true,"href":"http:\/\/adnet.cl\/wcm\/wp-json\/wp\/v2\/users\/1"}],"replies":[{"embeddable":true,"href":"http:\/\/adnet.cl\/wcm\/wp-json\/wp\/v2\/comments?post=26"}],"version-history":[{"count":4,"href":"http:\/\/adnet.cl\/wcm\/wp-json\/wp\/v2\/pages\/26\/revisions"}],"predecessor-version":[{"id":305,"href":"http:\/\/adnet.cl\/wcm\/wp-json\/wp\/v2\/pages\/26\/revisions\/305"}],"wp:attachment":[{"href":"http:\/\/adnet.cl\/wcm\/wp-json\/wp\/v2\/media?parent=26"}],"curies":[{"name":"wp","href":"https:\/\/api.w.org\/{rel}","templated":true}]}}