{"id":4,"date":"2014-08-31T01:05:55","date_gmt":"2014-08-31T01:05:55","guid":{"rendered":"http:\/\/adnet.cl\/sitio2014\/?page_id=4"},"modified":"2017-10-14T01:11:08","modified_gmt":"2017-10-14T04:11:08","slug":"alianzas","status":"publish","type":"page","link":"http:\/\/adnet.cl\/wcm\/alianzas\/","title":{"rendered":"Alianzas"},"content":{"rendered":"<div class=\"symple-column symple-one-third symple-column-first  \">\n<img loading=\"lazy\" decoding=\"async\" class=\"alignnone wp-image-229 size-full\" src=\"http:\/\/adnet.cl\/sitio2014\/wp-content\/uploads\/2014\/08\/sap1.png\" alt=\"sap\" width=\"233\" height=\"150\" srcset=\"http:\/\/adnet.cl\/wcm\/wp-content\/uploads\/2014\/08\/sap1.png 233w, http:\/\/adnet.cl\/wcm\/wp-content\/uploads\/2014\/08\/sap1-150x96.png 150w\" sizes=\"(max-width: 233px) 100vw, 233px\" \/><br \/>\n<\/div>\n<div class=\"symple-column symple-one-third symple-column-middle  \">\n<strong>SAP<\/strong><\/p>\n<p>Implantaci\u00f3n y mantenci\u00f3n de m\u00f3dulos SAP R\/3<\/p>\n<p>&nbsp;<\/p>\n<\/div>\n<div class=\"symple-column symple-one-third symple-column-first  \">\n<img loading=\"lazy\" decoding=\"async\" class=\"alignnone wp-image-234 size-full\" src=\"http:\/\/adnet.cl\/sitio2014\/wp-content\/uploads\/2014\/08\/datapro_web.png\" alt=\"datapro_web\" width=\"233\" height=\"150\" srcset=\"http:\/\/adnet.cl\/wcm\/wp-content\/uploads\/2014\/08\/datapro_web.png 233w, http:\/\/adnet.cl\/wcm\/wp-content\/uploads\/2014\/08\/datapro_web-150x96.png 150w\" sizes=\"(max-width: 233px) 100vw, 233px\" \/><br \/>\n<\/div>\n<div class=\"symple-column symple-one-third symple-column-middle  \">\n<strong>Datapro<\/strong><\/p>\n<p>Core bancario y canales<\/p>\n<p>&nbsp;<\/p>\n<p>&nbsp;<\/p>\n<\/div>\n<div class=\"symple-column symple-one-third symple-column-first  \">\n<img loading=\"lazy\" decoding=\"async\" class=\"alignnone wp-image-238 size-full\" src=\"http:\/\/adnet.cl\/sitio2014\/wp-content\/uploads\/2014\/08\/avnet_web.png\" alt=\"avnet_web\" width=\"233\" height=\"150\" srcset=\"http:\/\/adnet.cl\/wcm\/wp-content\/uploads\/2014\/08\/avnet_web.png 233w, http:\/\/adnet.cl\/wcm\/wp-content\/uploads\/2014\/08\/avnet_web-150x96.png 150w\" sizes=\"(max-width: 233px) 100vw, 233px\" \/><br \/>\n<\/div>\n<div class=\"symple-column symple-one-third symple-column-middle  \">\n<strong>AVNET Tecnology Solutions<\/strong><\/p>\n<ul>\n<li>EMC 2<\/li>\n<li>NETAPP<\/li>\n<li>IBM (Toda la gama de productos e consultor\u00edas<\/li>\n<\/ul>\n<p>&nbsp;<\/p>\n<\/div>\n<div class=\"symple-column symple-one-third symple-column-first  \">\n<img loading=\"lazy\" decoding=\"async\" class=\"alignnone wp-image-239 size-full\" src=\"http:\/\/adnet.cl\/sitio2014\/wp-content\/uploads\/2014\/08\/microsoft_partner_web.png\" alt=\"microsoft_partner_web\" width=\"233\" height=\"150\" srcset=\"http:\/\/adnet.cl\/wcm\/wp-content\/uploads\/2014\/08\/microsoft_partner_web.png 233w, http:\/\/adnet.cl\/wcm\/wp-content\/uploads\/2014\/08\/microsoft_partner_web-150x96.png 150w\" sizes=\"(max-width: 233px) 100vw, 233px\" \/><br \/>\n<\/div>\n<div class=\"symple-column symple-one-third symple-column-middle  \">\n<strong>Microsoft Partner<\/strong><\/p>\n<p>Toda la gama de productos y consultor\u00eda<\/p>\n<p>&nbsp;<\/p>\n<\/div>\n<div class=\"symple-column symple-one-third symple-column-first  \">\n<a href=\"http:\/\/adnet.cl\/sitio2014\/wp-content\/uploads\/2014\/08\/i-point-adnet.png\"><img loading=\"lazy\" decoding=\"async\" class=\"alignnone size-full wp-image-399\" src=\"http:\/\/adnet.cl\/sitio2014\/wp-content\/uploads\/2014\/08\/i-point-adnet.png\" alt=\"\" width=\"233\" height=\"150\" srcset=\"http:\/\/adnet.cl\/wcm\/wp-content\/uploads\/2014\/08\/i-point-adnet.png 233w, http:\/\/adnet.cl\/wcm\/wp-content\/uploads\/2014\/08\/i-point-adnet-150x97.png 150w\" sizes=\"(max-width: 233px) 100vw, 233px\" \/><\/a><br \/>\n<\/div>\n<div class=\"symple-column symple-one-third symple-column-middle  \">\n<strong>I-Point<\/strong><\/p>\n<p>Orquestador de procesos de carga y generaci\u00f3n de interfaces de datos<\/p>\n<p>&nbsp;<\/p>\n<\/div>\n","protected":false},"excerpt":{"rendered":"","protected":false},"author":1,"featured_media":0,"parent":0,"menu_order":0,"comment_status":"closed","ping_status":"closed","template":"","meta":{"footnotes":""},"_links":{"self":[{"href":"http:\/\/adnet.cl\/wcm\/wp-json\/wp\/v2\/pages\/4"}],"collection":[{"href":"http:\/\/adnet.cl\/wcm\/wp-json\/wp\/v2\/pages"}],"about":[{"href":"http:\/\/adnet.cl\/wcm\/wp-json\/wp\/v2\/types\/page"}],"author":[{"embeddable":true,"href":"http:\/\/adnet.cl\/wcm\/wp-json\/wp\/v2\/users\/1"}],"replies":[{"embeddable":true,"href":"http:\/\/adnet.cl\/wcm\/wp-json\/wp\/v2\/comments?post=4"}],"version-history":[{"count":16,"href":"http:\/\/adnet.cl\/wcm\/wp-json\/wp\/v2\/pages\/4\/revisions"}],"predecessor-version":[{"id":401,"href":"http:\/\/adnet.cl\/wcm\/wp-json\/wp\/v2\/pages\/4\/revisions\/401"}],"wp:attachment":[{"href":"http:\/\/adnet.cl\/wcm\/wp-json\/wp\/v2\/media?parent=4"}],"curies":[{"name":"wp","href":"https:\/\/api.w.org\/{rel}","templated":true}]}}